{"id":2165,"date":"2022-09-16T08:56:30","date_gmt":"2022-09-16T08:56:30","guid":{"rendered":"http:\/\/luiscapdevila.es.mialias.net\/contacto\/"},"modified":"2023-06-23T07:20:09","modified_gmt":"2023-06-23T07:20:09","slug":"contact","status":"publish","type":"page","link":"https:\/\/luiscapdevila.es\/fr\/contact\/","title":{"rendered":"Avez-vous besoin d&rsquo;un syst\u00e8me de ventilation et de filtration de l&rsquo;air?"},"content":{"rendered":"\n<p>Chez Luis Capdevila, nous vous donnons des conseils personnalis\u00e9s et vous apportons des solutions de qualit\u00e9 et sur mesure pour r\u00e9pondre \u00e0 vos besoins en mati\u00e8re d&rsquo;installation de ventilation et de filtration de l&rsquo;air.<\/p>\n\n\n\n<p>Vous voulez faire une demande de renseignements ? \nVoulez-vous nous demander un devis ?\n\n<\/p>\n\n\n\n<p>Nous sommes \u00e0 votre disposition !\n<\/p>\n","protected":false},"excerpt":{"rendered":"<p>Chez Luis Capdevila, nous vous donnons des conseils personnalis\u00e9s et vous apportons des solutions de qualit\u00e9 et sur mesure pour [&hellip;]<\/p>\n","protected":false},"author":1,"featured_media":588,"parent":0,"menu_order":5,"comment_status":"closed","ping_status":"closed","template":"templates\/template-contact.php","meta":{"footnotes":""},"class_list":["post-2165","page","type-page","status-publish","has-post-thumbnail","hentry"],"acf":[],"_links":{"self":[{"href":"https:\/\/luiscapdevila.es\/fr\/wp-json\/wp\/v2\/pages\/2165","targetHints":{"allow":["GET"]}}],"collection":[{"href":"https:\/\/luiscapdevila.es\/fr\/wp-json\/wp\/v2\/pages"}],"about":[{"href":"https:\/\/luiscapdevila.es\/fr\/wp-json\/wp\/v2\/types\/page"}],"author":[{"embeddable":true,"href":"https:\/\/luiscapdevila.es\/fr\/wp-json\/wp\/v2\/users\/1"}],"replies":[{"embeddable":true,"href":"https:\/\/luiscapdevila.es\/fr\/wp-json\/wp\/v2\/comments?post=2165"}],"version-history":[{"count":7,"href":"https:\/\/luiscapdevila.es\/fr\/wp-json\/wp\/v2\/pages\/2165\/revisions"}],"predecessor-version":[{"id":3063,"href":"https:\/\/luiscapdevila.es\/fr\/wp-json\/wp\/v2\/pages\/2165\/revisions\/3063"}],"wp:featuredmedia":[{"embeddable":true,"href":"https:\/\/luiscapdevila.es\/fr\/wp-json\/wp\/v2\/media\/588"}],"wp:attachment":[{"href":"https:\/\/luiscapdevila.es\/fr\/wp-json\/wp\/v2\/media?parent=2165"}],"curies":[{"name":"wp","href":"https:\/\/api.w.org\/{rel}","templated":true}]}}