{"id":2095,"date":"2022-09-01T11:12:29","date_gmt":"2022-09-01T11:12:29","guid":{"rendered":"http:\/\/luiscapdevila.es.mialias.net\/sectores\/"},"modified":"2023-01-25T11:44:04","modified_gmt":"2023-01-25T11:44:04","slug":"secteurs","status":"publish","type":"page","link":"https:\/\/luiscapdevila.es\/fr\/secteurs\/","title":{"rendered":"Secteurs"},"content":{"rendered":"\n<h2 class=\"wp-block-heading\">Un service de qualit\u00e9 sur mesure<\/h2>\n\n\n\n<p>Nos installations de climatisation et d&rsquo;extraction des fum\u00e9es r\u00e9pondent \u00e0 nos exigences de qualit\u00e9 et d&rsquo;innovation mais aussi aux besoins sp\u00e9cifiques de chaque client. Gr\u00e2ce \u00e0 notre grande exp\u00e9rience en mati\u00e8re de syst\u00e8mes de ventilation et de filtration, nous pouvons vous proposer une large gamme de solutions avec une grande agilit\u00e9.<\/p>\n","protected":false},"excerpt":{"rendered":"<p>Un service de qualit\u00e9 sur mesure Nos installations de climatisation et d&rsquo;extraction des fum\u00e9es r\u00e9pondent \u00e0 nos exigences de qualit\u00e9 [&hellip;]<\/p>\n","protected":false},"author":1,"featured_media":1245,"parent":0,"menu_order":30,"comment_status":"closed","ping_status":"closed","template":"templates\/template-sectors.php","meta":{"footnotes":""},"class_list":["post-2095","page","type-page","status-publish","has-post-thumbnail","hentry"],"acf":[],"_links":{"self":[{"href":"https:\/\/luiscapdevila.es\/fr\/wp-json\/wp\/v2\/pages\/2095","targetHints":{"allow":["GET"]}}],"collection":[{"href":"https:\/\/luiscapdevila.es\/fr\/wp-json\/wp\/v2\/pages"}],"about":[{"href":"https:\/\/luiscapdevila.es\/fr\/wp-json\/wp\/v2\/types\/page"}],"author":[{"embeddable":true,"href":"https:\/\/luiscapdevila.es\/fr\/wp-json\/wp\/v2\/users\/1"}],"replies":[{"embeddable":true,"href":"https:\/\/luiscapdevila.es\/fr\/wp-json\/wp\/v2\/comments?post=2095"}],"version-history":[{"count":5,"href":"https:\/\/luiscapdevila.es\/fr\/wp-json\/wp\/v2\/pages\/2095\/revisions"}],"predecessor-version":[{"id":2113,"href":"https:\/\/luiscapdevila.es\/fr\/wp-json\/wp\/v2\/pages\/2095\/revisions\/2113"}],"wp:featuredmedia":[{"embeddable":true,"href":"https:\/\/luiscapdevila.es\/fr\/wp-json\/wp\/v2\/media\/1245"}],"wp:attachment":[{"href":"https:\/\/luiscapdevila.es\/fr\/wp-json\/wp\/v2\/media?parent=2095"}],"curies":[{"name":"wp","href":"https:\/\/api.w.org\/{rel}","templated":true}]}}