{"id":2093,"date":"2022-09-01T11:12:29","date_gmt":"2022-09-01T11:12:29","guid":{"rendered":"http:\/\/luiscapdevila.es.mialias.net\/sectores\/"},"modified":"2023-02-03T08:51:06","modified_gmt":"2023-02-03T08:51:06","slug":"sectors","status":"publish","type":"page","link":"https:\/\/luiscapdevila.es\/ca\/sectors\/","title":{"rendered":"Sectors"},"content":{"rendered":"\n<h2 class=\"wp-block-heading\">Un servei de qualitat i a mida<\/h2>\n\n\n\n<p>Les nostres instal\u00b7lacions de condicionament de l&#8217;aire i extracci\u00f3 de fums es basen en la qualitat i la innovaci\u00f3, aix\u00ed com en les necessitats espec\u00edfiques de cada client. Gr\u00e0cies a una extensa traject\u00f2ria en sistemes de ventilaci\u00f3 i filtraci\u00f3, et podem oferir una \u00e0mplia gamma de solucions amb gran agilitat.<\/p>\n","protected":false},"excerpt":{"rendered":"<p>Un servei de qualitat i a mida Les nostres instal\u00b7lacions de condicionament de l&#8217;aire i extracci\u00f3 de fums es basen [&hellip;]<\/p>\n","protected":false},"author":1,"featured_media":1243,"parent":0,"menu_order":30,"comment_status":"closed","ping_status":"closed","template":"templates\/template-sectors.php","meta":{"footnotes":""},"class_list":["post-2093","page","type-page","status-publish","has-post-thumbnail","hentry"],"acf":[],"_links":{"self":[{"href":"https:\/\/luiscapdevila.es\/ca\/wp-json\/wp\/v2\/pages\/2093","targetHints":{"allow":["GET"]}}],"collection":[{"href":"https:\/\/luiscapdevila.es\/ca\/wp-json\/wp\/v2\/pages"}],"about":[{"href":"https:\/\/luiscapdevila.es\/ca\/wp-json\/wp\/v2\/types\/page"}],"author":[{"embeddable":true,"href":"https:\/\/luiscapdevila.es\/ca\/wp-json\/wp\/v2\/users\/1"}],"replies":[{"embeddable":true,"href":"https:\/\/luiscapdevila.es\/ca\/wp-json\/wp\/v2\/comments?post=2093"}],"version-history":[{"count":10,"href":"https:\/\/luiscapdevila.es\/ca\/wp-json\/wp\/v2\/pages\/2093\/revisions"}],"predecessor-version":[{"id":2273,"href":"https:\/\/luiscapdevila.es\/ca\/wp-json\/wp\/v2\/pages\/2093\/revisions\/2273"}],"wp:featuredmedia":[{"embeddable":true,"href":"https:\/\/luiscapdevila.es\/ca\/wp-json\/wp\/v2\/media\/1243"}],"wp:attachment":[{"href":"https:\/\/luiscapdevila.es\/ca\/wp-json\/wp\/v2\/media?parent=2093"}],"curies":[{"name":"wp","href":"https:\/\/api.w.org\/{rel}","templated":true}]}}